{"id":159,"date":"2023-09-10T03:58:14","date_gmt":"2023-09-10T03:58:14","guid":{"rendered":"https:\/\/isyst.de\/generated-homepage\/"},"modified":"2026-01-20T09:39:30","modified_gmt":"2026-01-20T09:39:30","slug":"startseite","status":"publish","type":"page","link":"https:\/\/isyst.de\/en\/","title":{"rendered":"iSyst Intelligente Systeme GmbH"},"content":{"rendered":"<h2 style=\"text-align: center;\">Competencies<\/h2>\n<p style=\"text-align: center;\">As an independent test house, we are specialized in testing the function and quality of embedded systems and thus ensuring their functional reliability during the development process.<\/p>\n<p><span style=\"\"><a href=\"https:\/\/isyst.de\/en\/kompetenzen\/#tve-jump-18afb93c55b\" jump-animation=\"smooth\"><img decoding=\"async\" alt=\"\" data-id=\"166\" width=\"313\" data-init-width=\"439\" height=\"334\" data-init-height=\"468\" title=\"NIC-14-WK1\" loading=\"lazy\" src=\"\/\/isyst.de\/wp-content\/uploads\/2023\/09\/NIC-14-WK-1.png\" data-width=\"313\" data-height=\"334\" style=\"aspect-ratio: auto 439 \/ 468;\" data-link-wrap=\"true\" mt-t=\"-191\" ml-t=\"0\" center-v-t=\"false\" mt-m=\"0\" ml-m=\"0\" center-h-m=\"false\"><\/a><\/span><a href=\"https:\/\/isyst.de\/en\/kompetenzen\/#tve-jump-18afb93c55b\" jump-animation=\"smooth\"><\/p>\n<h3 style=\"text-align: center;\">Services<\/h3>\n<p><\/a><span style=\"\"><a href=\"https:\/\/isyst.de\/en\/kompetenzen\/#tve-jump-18afb93ef71\" jump-animation=\"smooth\"><img decoding=\"async\" alt=\"\" data-id=\"167\" width=\"313\" data-init-width=\"439\" height=\"334\" data-init-height=\"468\" title=\"NIC-02 2\" loading=\"lazy\" src=\"\/\/isyst.de\/wp-content\/uploads\/2023\/09\/NIC-02-2.png\" data-width=\"313\" data-height=\"334\" style=\"aspect-ratio: auto 439 \/ 468;\" data-link-wrap=\"true\" mt-m=\"-81.82800000000003\" ml-m=\"0\" mt-t=\"-359\" ml-t=\"0\" center-v-t=\"false\"><\/a><\/span><a href=\"https:\/\/isyst.de\/en\/kompetenzen\/#tve-jump-18afb93ef71\" jump-animation=\"smooth\"><\/p>\n<h3 style=\"text-align: center;\">Products<\/h3>\n<p><\/a><span style=\"\"><a href=\"https:\/\/isyst.de\/en\/Akademie\/\"><img decoding=\"async\" alt=\"\" data-id=\"1748\" width=\"589\" data-init-width=\"1920\" height=\"331\" data-init-height=\"1080\" title=\"Snapshot_21\" loading=\"lazy\" src=\"\/\/isyst.de\/wp-content\/uploads\/2024\/04\/Snapshot_21.jpg\" data-width=\"589\" data-height=\"331\" style=\"aspect-ratio: auto 1920 \/ 1080;\" data-link-wrap=\"true\" ml-d=\"-148\" mt-d=\"0\" center-h-d=\"false\" ml-m=\"-90\" center-h-m=\"true\" ml-t=\"0\" mt-t=\"-4.281999999999982\"><\/a><\/span><a href=\"https:\/\/isyst.de\/en\/kompetenzen\/#tve-jump-18afb942dd5\" jump-animation=\"smooth\"><\/p>\n<h3 style=\"text-align: center;\">Academy<\/h3>\n<p><\/a><\/p>\n<p style=\"text-align: center;\">With us, you receive all measures for safeguarding your products from a single source, whether automotive, medical or any other industry. Our approach is progressive and future oriented. Therefore, we are already developing testing solutions for tomorrow's issues in cooperation with experienced partners from the fields of science and technology.<\/p>\n<p style=\"text-align: center;\">Testing is our passion! Test us and let us convince you.<\/p>\n<h2 style=\"text-align: center;\">Success Stories<\/h2>\n\n<h2 style=\"text-align: center;\">Career<\/h2>\n<p><span><img decoding=\"async\" alt=\"\" data-id=\"179\" width=\"323\" data-init-width=\"630\" height=\"219\" data-init-height=\"427\" title=\"NIC-46-WK1\" loading=\"lazy\" src=\"\/\/isyst.de\/wp-content\/uploads\/2023\/09\/NIC-46-WK-1.png\" data-width=\"323\" data-height=\"219\" style=\"aspect-ratio: auto 630 \/ 427;\"><\/span><\/p>\n<p>Testing is our passion. What drives you?<\/p>\n<p>Whether you're an all-rounder, an expert or an outsider, together we can make a big difference and make tomorrow's products safer.<\/p>\n<p>We are looking forward to your application!<\/p>\n<h2 style=\"text-align: center;\">News<\/h2>\n<p><a href=\"https:\/\/isyst.de\/en\/news\/ida-testware\/\" title=\"IDA testware\" data-type-url=\"post_url\" data-type-display=\"default_image\" data-size=\"medium\" data-post_id=\"1100\"><img width=\"300\" height=\"160\" src=\"https:\/\/isyst.de\/wp-content\/uploads\/2023\/08\/iDA-Final-Bild-300x160.png\" alt=\"iDA Testware\" decoding=\"async\" loading=\"lazy\" srcset=\"https:\/\/isyst.de\/wp-content\/uploads\/2023\/08\/iDA-Final-Bild-300x160.png 300w, https:\/\/isyst.de\/wp-content\/uploads\/2023\/08\/iDA-Final-Bild-1024x545.png 1024w, https:\/\/isyst.de\/wp-content\/uploads\/2023\/08\/iDA-Final-Bild-768x409.png 768w, https:\/\/isyst.de\/wp-content\/uploads\/2023\/08\/iDA-Final-Bild-1536x818.png 1536w, https:\/\/isyst.de\/wp-content\/uploads\/2023\/08\/iDA-Final-Bild-2048x1090.png 2048w\" sizes=\"auto, (max-width: 300px) 100vw, 300px\" \/><\/a><\/p>\n<h2 style=\"\"><span data-attr-link=\"0\" data-attr-rel=\"0\" data-attr-target=\"0\" data-extra_key=\"\" data-option-inline=\"1\" data-shortcode=\"tcb_post_title\" data-shortcode-name=\"Post title\">IDA testware<\/span><\/h2>\n<p>Now available: our middleware solution for system testing. It is finally here! With great <a href=\"https:\/\/isyst.de\/en\/news\/ida-testware\/#more-1100\">\u2026<\/a><\/p>\n<p><a href=\"https:\/\/isyst.de\/en\/news\/hil4you-mini-hil-testsystem\/\" title=\"HIL4YOU Mini HIL test system\" data-type-url=\"post_url\" data-type-display=\"default_image\" data-size=\"medium\" data-post_id=\"1038\"><img width=\"300\" height=\"160\" src=\"https:\/\/isyst.de\/wp-content\/uploads\/2023\/12\/HIL4YOU-mini-HIL-TESTSYSTEM-300x160.png\" alt=\"\" decoding=\"async\" loading=\"lazy\" srcset=\"https:\/\/isyst.de\/wp-content\/uploads\/2023\/12\/HIL4YOU-mini-HIL-TESTSYSTEM-300x160.png 300w, https:\/\/isyst.de\/wp-content\/uploads\/2023\/12\/HIL4YOU-mini-HIL-TESTSYSTEM-1024x545.png 1024w, https:\/\/isyst.de\/wp-content\/uploads\/2023\/12\/HIL4YOU-mini-HIL-TESTSYSTEM-768x409.png 768w, https:\/\/isyst.de\/wp-content\/uploads\/2023\/12\/HIL4YOU-mini-HIL-TESTSYSTEM-1536x818.png 1536w, https:\/\/isyst.de\/wp-content\/uploads\/2023\/12\/HIL4YOU-mini-HIL-TESTSYSTEM-2048x1091.png 2048w\" sizes=\"auto, (max-width: 300px) 100vw, 300px\" \/><\/a><\/p>\n<h2 style=\"\"><span data-attr-link=\"0\" data-attr-rel=\"0\" data-attr-target=\"0\" data-extra_key=\"\" data-option-inline=\"1\" data-shortcode=\"tcb_post_title\" data-shortcode-name=\"Post title\">HIL4YOU Mini HIL test system<\/span><\/h2>\n<p>A high-performance mini HIL test system available at short notice. You can concentrate on the development of your <a href=\"https:\/\/isyst.de\/en\/news\/hil4you-mini-hil-testsystem\/#more-1038\">\u2026<\/a><\/p>\n<p><a href=\"https:\/\/isyst.de\/en\/news\/razorcat-und-isyst-eine-perfekte-symbiose-fuer-automatisierte-echtzeit-testsysteme\/\" title=\"Razorcat and iSyst\" data-type-url=\"post_url\" data-type-display=\"default_image\" data-size=\"medium\" data-post_id=\"1473\"><img width=\"300\" height=\"160\" src=\"https:\/\/isyst.de\/wp-content\/uploads\/2024\/03\/csm_CCDL_ISYST_Flyer_4s_final_20230626_webversion_9a8afc4461-1-300x160.png\" alt=\"\" decoding=\"async\" loading=\"lazy\" srcset=\"https:\/\/isyst.de\/wp-content\/uploads\/2024\/03\/csm_CCDL_ISYST_Flyer_4s_final_20230626_webversion_9a8afc4461-1-300x160.png 300w, https:\/\/isyst.de\/wp-content\/uploads\/2024\/03\/csm_CCDL_ISYST_Flyer_4s_final_20230626_webversion_9a8afc4461-1-1024x545.png 1024w, https:\/\/isyst.de\/wp-content\/uploads\/2024\/03\/csm_CCDL_ISYST_Flyer_4s_final_20230626_webversion_9a8afc4461-1-768x409.png 768w, https:\/\/isyst.de\/wp-content\/uploads\/2024\/03\/csm_CCDL_ISYST_Flyer_4s_final_20230626_webversion_9a8afc4461-1-1536x818.png 1536w, https:\/\/isyst.de\/wp-content\/uploads\/2024\/03\/csm_CCDL_ISYST_Flyer_4s_final_20230626_webversion_9a8afc4461-1-2048x1091.png 2048w\" sizes=\"auto, (max-width: 300px) 100vw, 300px\" \/><\/a><\/p>\n<h2 style=\"\"><span data-attr-link=\"0\" data-attr-rel=\"0\" data-attr-target=\"0\" data-extra_key=\"\" data-option-inline=\"1\" data-shortcode=\"tcb_post_title\" data-shortcode-name=\"Post title\">Razorcat and iSyst<\/span><\/h2>\n<p>\u2013 a perfect symbiosis for automated real-time test systems. Razorcats CCDL is a specially <a href=\"https:\/\/isyst.de\/en\/news\/razorcat-und-isyst-eine-perfekte-symbiose-fuer-automatisierte-echtzeit-testsysteme\/#more-1473\">\u2026<\/a><\/p>\n<p style=\"text-align: left;\">\u2026everything from one source!<\/p>","protected":false},"excerpt":{"rendered":"<p>Kompetenzen Als unabh\u00e4ngiges Testhaus haben wir uns darauf spezialisiert, Embedded Systems auf ihre Funktion und Qualit\u00e4t hin zu pr\u00fcfen und damit deren Funktions\u00adsicherheit bereits w\u00e4hrend des Entwicklungs\u00adprozesses sicher\u00adzu\u00adstellen. Dienstleistungen Produkte Akademie Bei uns erhalten Sie alle Ma\u00dfnahmen zur Absicherung Ihrer Produkte aus einer Hand, egal ob Automotive, Medizin oder eine andere Branche. Dabei ruhen wir [&hellip;]<\/p>\n","protected":false},"author":1,"featured_media":0,"parent":0,"menu_order":0,"comment_status":"closed","ping_status":"closed","template":"","meta":{"footnotes":""},"class_list":["post-159","page","type-page","status-publish","hentry","post-wrapper","thrv_wrapper"],"_links":{"self":[{"href":"https:\/\/isyst.de\/en\/wp-json\/wp\/v2\/pages\/159","targetHints":{"allow":["GET"]}}],"collection":[{"href":"https:\/\/isyst.de\/en\/wp-json\/wp\/v2\/pages"}],"about":[{"href":"https:\/\/isyst.de\/en\/wp-json\/wp\/v2\/types\/page"}],"author":[{"embeddable":true,"href":"https:\/\/isyst.de\/en\/wp-json\/wp\/v2\/users\/1"}],"replies":[{"embeddable":true,"href":"https:\/\/isyst.de\/en\/wp-json\/wp\/v2\/comments?post=159"}],"version-history":[{"count":98,"href":"https:\/\/isyst.de\/en\/wp-json\/wp\/v2\/pages\/159\/revisions"}],"predecessor-version":[{"id":2051,"href":"https:\/\/isyst.de\/en\/wp-json\/wp\/v2\/pages\/159\/revisions\/2051"}],"wp:attachment":[{"href":"https:\/\/isyst.de\/en\/wp-json\/wp\/v2\/media?parent=159"}],"curies":[{"name":"wp","href":"https:\/\/api.w.org\/{rel}","templated":true}]}}