{"id":1616,"date":"2024-04-03T06:01:16","date_gmt":"2024-04-03T06:01:16","guid":{"rendered":"https:\/\/isyst.de\/?page_id=1616"},"modified":"2024-10-02T06:57:43","modified_gmt":"2024-10-02T06:57:43","slug":"impressum","status":"publish","type":"page","link":"https:\/\/isyst.de\/en\/impressum\/","title":{"rendered":"Imprint"},"content":{"rendered":"<h2>Imprint<\/h2>\n<p>TESTING IS OUR PASSION<\/p>\n<p>iSyst Intelligente Systeme GmbHHugo-Junkers-Stra\u00dfe 990411 NurembergCommercial Register: HRB 17887Registration Court: Nuremberg District Court<\/p>\n<p><strong>Represented by:<\/strong>Dipl.-Ing. Christine RauchDipl.-Ing. (FH) Daniel Heinrich<\/p>\n<p><strong>Contact<\/strong>Telephone: +49 911\/37665 \u2013 0Telefax: +49 911\/37665 \u2013 499Email: info@isyst.de<\/p>\n<p><strong>Tax ID<\/strong>VAT identification number according to Section 27 a of the Sales Tax Law: DE212895677<\/p>\n<p><strong>Editorially responsible<\/strong>iSyst Intelligente Systeme GmbHHugo-Junkers-Stra\u00dfe 990411 Nuremberg<\/p>\n<p><strong>EU dispute settlement<\/strong>The European Commission provides a platform for online dispute resolution (ODR): https:\/\/ec.europa.eu\/consumers\/odr\/. Our e-mail address can be found above in the imprint.<\/p>\n<p><strong>Consumer dispute resolution\/universal arbitration board<\/strong>We are not willing or obliged to participate in dispute resolution proceedings before a consumer arbitration board.<\/p>","protected":false},"excerpt":{"rendered":"<p>Impressum TESTHAUS AUS \u00dcBERZEUGUNG iSyst Intelligente Systeme GmbHHugo-Junkers-Stra\u00dfe 990411 N\u00fcrnbergHandelsregister: HRB 17887Registergericht: Amtsgericht N\u00fcrnberg Vertreten durch:Dipl.-Ing. Christine RauchDipl.-Ing. (FH) Daniel Heinrich KontaktTelefon: +49 911\/37665 \u2013 0Telefax: +49 911\/37665 \u2013 499E-Mail: info@isyst.de Umsatzsteuer-IDUmsatzsteuer-Identifikationsnummer gem\u00e4\u00df \u00a7 27 a Umsatzsteuergesetz:DE212895677 Redaktionell verantwortlichiSyst Intelligente Systeme GmbHHugo-Junkers-Stra\u00dfe 990411 N\u00fcrnberg EU-StreitschlichtungDie Europ\u00e4ische Kommission stellt eine Plattform zur Online-Streitbeilegung (OS) bereit:https:\/\/ec.europa.eu\/consumers\/odr\/.Unsere E-Mail-Adresse [&hellip;]<\/p>\n","protected":false},"author":1,"featured_media":0,"parent":0,"menu_order":0,"comment_status":"closed","ping_status":"closed","template":"","meta":{"footnotes":""},"class_list":["post-1616","page","type-page","status-publish","hentry","post-wrapper","thrv_wrapper"],"_links":{"self":[{"href":"https:\/\/isyst.de\/en\/wp-json\/wp\/v2\/pages\/1616","targetHints":{"allow":["GET"]}}],"collection":[{"href":"https:\/\/isyst.de\/en\/wp-json\/wp\/v2\/pages"}],"about":[{"href":"https:\/\/isyst.de\/en\/wp-json\/wp\/v2\/types\/page"}],"author":[{"embeddable":true,"href":"https:\/\/isyst.de\/en\/wp-json\/wp\/v2\/users\/1"}],"replies":[{"embeddable":true,"href":"https:\/\/isyst.de\/en\/wp-json\/wp\/v2\/comments?post=1616"}],"version-history":[{"count":3,"href":"https:\/\/isyst.de\/en\/wp-json\/wp\/v2\/pages\/1616\/revisions"}],"predecessor-version":[{"id":1619,"href":"https:\/\/isyst.de\/en\/wp-json\/wp\/v2\/pages\/1616\/revisions\/1619"}],"wp:attachment":[{"href":"https:\/\/isyst.de\/en\/wp-json\/wp\/v2\/media?parent=1616"}],"curies":[{"name":"wp","href":"https:\/\/api.w.org\/{rel}","templated":true}]}}