{"id":1999,"date":"2025-07-23T17:36:08","date_gmt":"2025-07-23T17:36:08","guid":{"rendered":"https:\/\/isyst.de\/?page_id=1999"},"modified":"2026-03-04T18:57:41","modified_gmt":"2026-03-04T18:57:41","slug":"ki-workshop","status":"publish","type":"page","link":"https:\/\/isyst.de\/en\/ki-workshop\/","title":{"rendered":"AI workshop"},"content":{"rendered":"<h2 style=\"\">AI Impulses \u2013 From Strategy to Implementation<\/h2>\n<p>TESTING IS OUR PASSION<\/p>\n<p dir=\"ltr\" style=\"text-align: left;\">\ud83d\udcc5 17.09.2025<\/p>\n<p dir=\"ltr\" style=\"text-align: left;\">\ud83d\udccd<strong>iSyst Intelligente Systeme GmbH<\/strong> \u2013 Hugo-Junkers-Stra\u00dfe 9, 90411 Nuremberg<\/p>\n<p dir=\"ltr\">Artificial intelligence is no longer a futuristic topic \u2013 it&#039;s a tool, a competitive advantage, and a game changer. Whether in automotive, medical technology, or industry \u2013 experience how AI creates real added value along the value chain.<\/p>\n<p dir=\"ltr\"><strong>But how do you actually get started in your own company?<\/strong><\/p>\n<p>No prior knowledge necessary \u2013 just curiosity, a laptop and a desire for innovation.<span><img decoding=\"async\" alt=\"\" data-id=\"2003\" width=\"371\" data-init-width=\"691\" height=\"371\" data-init-height=\"691\" title=\"visual workshop isyst\" loading=\"lazy\" src=\"https:\/\/isyst.de\/wp-content\/uploads\/2025\/07\/visual-workshop-isydst.jpg\" data-width=\"371\" data-height=\"371\" style=\"aspect-ratio: auto 691 \/ 691;\"><\/span><\/p>\n<table data-rows=\"11\" data-cols=\"2\" data-v=\"middle\">\n<thead>\n<tr>\n<th style=\"\">\n<p style=\"\"><strong>time<\/strong><\/p>\n<\/th>\n<th style=\"\">\n<p style=\"\"><strong>Theme<\/strong><\/p>\n<\/th>\n<\/tr>\n<\/thead>\n<tbody>\n<tr>\n<td data-th=\"Uhrzeit\" style=\"\">\n<p style=\"\">12:30 p.m.<\/p>\n<\/td>\n<td data-th=\"Thema\" style=\"\">\n<p style=\"\">Arrival, registration, snack<\/p>\n<\/td>\n<\/tr>\n<tr>\n<td data-th=\"Uhrzeit\" style=\"\">\n<p style=\"\">1:00 p.m.<\/p>\n<\/td>\n<td data-th=\"Thema\" style=\"\">\n<p style=\"\">greeting<\/p>\n<\/td>\n<\/tr>\n<tr>\n<td data-th=\"Uhrzeit\" style=\"\">\n<p style=\"\">1:15 p.m.<\/p>\n<\/td>\n<td data-th=\"Thema\" style=\"\">\n<p style=\"\">&nbsp;&quot;Strategic. Scalable. Smart: Successfully Introducing AI into Your Company&quot; (Markus Neubauer)<\/p>\n<\/td>\n<\/tr>\n<tr>\n<td data-th=\"Uhrzeit\" rowspan=\"1\" colspan=\"1\" style=\"\">\n<p style=\"\">2:15 p.m.<\/p>\n<\/td>\n<td data-th=\"Thema\" rowspan=\"1\" colspan=\"1\" style=\"\">\n<p style=\"\">coffee break<\/p>\n<\/td>\n<\/tr>\n<tr>\n<td data-th=\"Uhrzeit\" rowspan=\"1\" colspan=\"1\" style=\"\">\n<p style=\"\">2:30 p.m.<\/p>\n<\/td>\n<td data-th=\"Thema\" rowspan=\"1\" colspan=\"1\" style=\"\">\n<p>\u201cAI copilots \u2013 show effect or real added value?\u201d (Martin Heininger)<\/p>\n<\/td>\n<\/tr>\n<tr>\n<td data-th=\"Uhrzeit\" rowspan=\"1\" colspan=\"1\" style=\"\">\n<p style=\"\">3:30 p.m.<\/p>\n<\/td>\n<td data-th=\"Thema\" rowspan=\"1\" colspan=\"1\" style=\"\">\n<p style=\"\">coffee break<\/p>\n<\/td>\n<\/tr>\n<tr>\n<td data-th=\"Uhrzeit\" rowspan=\"1\" colspan=\"1\" style=\"\">\n<p style=\"\">3:45 p.m.<\/p>\n<\/td>\n<td data-th=\"Thema\" rowspan=\"1\" colspan=\"1\" style=\"\">\n<p style=\"\">\u201cBeyond the LLMs: Building your own AI agents\u201d (Dr. Anne Kramer)<\/p>\n<\/td>\n<\/tr>\n<tr>\n<td data-th=\"Uhrzeit\" rowspan=\"1\" colspan=\"1\" style=\"\">\n<p style=\"\">4:45 p.m.<\/p>\n<\/td>\n<td data-th=\"Thema\" rowspan=\"1\" colspan=\"1\" style=\"\">\n<p style=\"\">coffee break<\/p>\n<\/td>\n<\/tr>\n<tr>\n<td data-th=\"Uhrzeit\" rowspan=\"1\" colspan=\"1\" style=\"\">\n<p style=\"\">5:00 PM<\/p>\n<\/td>\n<td data-th=\"Thema\" rowspan=\"1\" colspan=\"1\" style=\"\">\n<p style=\"\">Discussion &amp; exchange of experiences, followed by a get-together<\/p>\n<\/td>\n<\/tr>\n<tr>\n<td data-th=\"Uhrzeit\" rowspan=\"1\" colspan=\"1\" style=\"\">\n<p style=\"\">6:00 PM<\/p>\n<\/td>\n<td data-th=\"Thema\" rowspan=\"1\" colspan=\"1\" style=\"\">\n<p style=\"\">Expected end<\/p>\n<\/td>\n<\/tr>\n<\/tbody>\n<\/table>\n<p dir=\"ltr\" style=\"text-align: center;\">Lectures<\/p>\n<h2 dir=\"ltr\" style=\"text-align: left;\"><strong>Strategic. Scalable. Smart: Successfully introducing AI into your company&nbsp;<\/strong><\/h2>\n<p dir=\"ltr\">Markus Neubauer (Silbury Germany GmbH)<\/p>\n<p dir=\"ltr\">Artificial intelligence is rapidly transforming the economy, markets, and competitiveness \u2013 and presenting companies with fundamental strategic decisions. In this presentation, we will examine current developments in the field of AI and demonstrate why now is the right time to initiate a holistic AI transformation. We will address the question: How can artificial intelligence be successfully introduced and embedded strategically and sustainably within companies?<\/p>\n<h2 dir=\"ltr\"><strong>AI copilots \u2013 show effect or real added value?<\/strong><\/h2>\n<p dir=\"ltr\">Results of systematic studies and showcase<\/p>\n<p dir=\"ltr\">Martin Heininger (HEICON Global Engineering GmbH)<\/p>\n<p dir=\"ltr\">In this presentation, we will demonstrate what AI copilots can already achieve today as part of professional ALM tools. In the first part, we will discuss the practical prerequisites for profitably using AI copilots to create\/improve requirements and test cases in industrial projects.<\/p>\n<p dir=\"ltr\" style=\"\">In the second part, we will use a live demonstration to show where the current strengths and weaknesses of AI lie in this area.<\/p>\n<p dir=\"ltr\" style=\"\">Finally, we will give an overview of the Heicon study on which the live demo is based.<\/p>\n<h2 dir=\"ltr\"><strong>Beyond LLMs: Homemade AI agents<\/strong><\/h2>\n<p dir=\"ltr\">Dr. Anne Kramer (SMARTESTING)<\/p>\n<p dir=\"ltr\" style=\"\">Are you now convinced of the benefits of generative AI but don&#039;t yet have your own AI agent? Then it&#039;s time to change that!<\/p>\n<p dir=\"ltr\" style=\"\">In an interactive DIY workshop, we will first look at the difference between \u201cpure\u201d LLMs and specialized AI agents.<\/p>\n<p dir=\"ltr\" style=\"\">Once the theory is clear, we put together our own agent in a suitable environment.<\/p>\n<p dir=\"ltr\" style=\"\">Of course, we will see this in action.<\/p>\n<p dir=\"ltr\">&nbsp;<\/p>\n<p dir=\"ltr\" style=\"\">To participate actively, you should bring your laptop. Otherwise, you&#039;ll have to watch your neighbor&#039;s work.<\/p>\n<p dir=\"ltr\" style=\"\">No programming knowledge or special software or licenses are required.<\/p>\n<h2 style=\"text-align: center;\">Contact form<\/h2>\n<p style=\"text-align: center;\">iSyst Intelligente Systeme GmbH<a href=\"https:\/\/www.google.com\/maps\/dir\/\/iSyst+Intelligente+Systeme+GmbH,+Hugo-Junkers-Stra%C3%9Fe+9,+90411+N%C3%BCrnberg\/@49.4851829,11.0959715,20z\/data=!3m1!5s0x479f57d8ab5ee067:0x6264a745e181d3e!4m9!4m8!1m0!1m5!1m1!1s0x47a1fd541289fd4f:0xeffe00ca9fd0fba2!2m2!1d11.0964222!2d49.4851818!3e0?entry=ttu\" target=\"_blank\" rel=\"nofollow noopener\" style=\"outline: none;\">Hugo-Junkers-Strasse 9<\/a><a href=\"https:\/\/www.google.com\/maps\/dir\/\/iSyst+Intelligente+Systeme+GmbH,+Hugo-Junkers-Stra%C3%9Fe+9,+90411+N%C3%BCrnberg\/@49.4851829,11.0959715,20z\/data=!3m1!5s0x479f57d8ab5ee067:0x6264a745e181d3e!4m9!4m8!1m0!1m5!1m1!1s0x47a1fd541289fd4f:0xeffe00ca9fd0fba2!2m2!1d11.0964222!2d49.4851818!3e0?entry=ttu\" target=\"_blank\" rel=\"nofollow noopener\" style=\"outline: none;\">90411 Nuremberg<\/a><\/p>\n<p style=\"text-align: center;\">Telephone: +49 911\/37665-0Fax: +49 911\/37665-499Email: info@isyst.de<\/p>\n<h2 style=\"text-align: center;\">Directions<\/h2>\n<p style=\"text-align: center;\">You will find us in the \u201cMarienbergcenter\u201d in the north of Nuremberg<\/p>\n<p><span><img decoding=\"async\" alt=\"\" data-id=\"244\" width=\"645\" data-init-width=\"1236\" height=\"431\" data-init-height=\"826\" title=\"ewdadds1\" loading=\"lazy\" src=\"\/\/isyst.de\/wp-content\/uploads\/2023\/09\/ewdadds-1.png\" data-width=\"645\" data-height=\"431\" style=\"aspect-ratio: auto 1236 \/ 826;\"><\/span><\/p>\n<h3 style=\"text-align: center;\">Our visitor parking<\/h3>\n<p style=\"text-align: center;\">Our visitor parking spaces in the inner courtyard are easily accessible by driving from the <strong>Hugo-Junkers-Str. 9<\/strong> after driving up one of the two ramps:<\/p>\n<p><span><img decoding=\"async\" alt=\"\" data-id=\"245\" width=\"645\" data-init-width=\"1236\" height=\"431\" data-init-height=\"830\" title=\"Test_Directions_Isyst Copy 1\" loading=\"lazy\" src=\"\/\/isyst.de\/wp-content\/uploads\/2023\/09\/Test_Wegbeschreibung_Isyst-Kopie-1.png\" data-width=\"645\" data-height=\"431\" style=\"aspect-ratio: auto 1236 \/ 830;\"><\/span><\/p>","protected":false},"excerpt":{"rendered":"<p>KI-Impulse \u2013 Von der Strategie bis zur Umsetzung TESTHAUS AUS \u00dcBERZEUGUNG \ud83d\udcc5 17.09.2025 \ud83d\udccdiSyst Intelligente Systeme GmbH \u2013 Hugo-Junkers-Stra\u00dfe 9, 90411 N\u00fcrnberg K\u00fcnstliche Intelligenz ist l\u00e4ngst kein Zukunftsthema mehr \u2013 sie ist Werkzeug, Wettbewerbsvorteil und Gamechanger. Ob Automotive, Medizintechnik oder Industrie \u2013 erleben Sie, wie KI entlang der Wertsch\u00f6pfungskette echten Mehrwert schafft. Doch wie gelingt [&hellip;]<\/p>\n","protected":false},"author":1,"featured_media":0,"parent":0,"menu_order":0,"comment_status":"closed","ping_status":"closed","template":"","meta":{"footnotes":""},"class_list":["post-1999","page","type-page","status-publish","hentry","post-wrapper","thrv_wrapper"],"_links":{"self":[{"href":"https:\/\/isyst.de\/en\/wp-json\/wp\/v2\/pages\/1999","targetHints":{"allow":["GET"]}}],"collection":[{"href":"https:\/\/isyst.de\/en\/wp-json\/wp\/v2\/pages"}],"about":[{"href":"https:\/\/isyst.de\/en\/wp-json\/wp\/v2\/types\/page"}],"author":[{"embeddable":true,"href":"https:\/\/isyst.de\/en\/wp-json\/wp\/v2\/users\/1"}],"replies":[{"embeddable":true,"href":"https:\/\/isyst.de\/en\/wp-json\/wp\/v2\/comments?post=1999"}],"version-history":[{"count":11,"href":"https:\/\/isyst.de\/en\/wp-json\/wp\/v2\/pages\/1999\/revisions"}],"predecessor-version":[{"id":2128,"href":"https:\/\/isyst.de\/en\/wp-json\/wp\/v2\/pages\/1999\/revisions\/2128"}],"wp:attachment":[{"href":"https:\/\/isyst.de\/en\/wp-json\/wp\/v2\/media?parent=1999"}],"curies":[{"name":"wp","href":"https:\/\/api.w.org\/{rel}","templated":true}]}}