{"id":218,"date":"2023-09-17T01:29:10","date_gmt":"2023-09-17T01:29:10","guid":{"rendered":"https:\/\/isyst.de\/?page_id=218"},"modified":"2026-03-13T10:23:49","modified_gmt":"2026-03-13T10:23:49","slug":"akademie","status":"publish","type":"page","link":"https:\/\/isyst.de\/en\/akademie\/","title":{"rendered":"Academy"},"content":{"rendered":"<h2 style=\"\">Akademie<\/h2>\n<p>TESTHAUS AUS \u00dcBERZEUGUNG<\/p>\n<h3 style=\"text-align: center;\">Unsere Mission<\/h3>\n<p style=\"text-align: center;\">Unserer Erfahrung nach werden kaum Inhalte und praktische Erfahrung im Bereich strukturierter Test im Technikum und Studium vermittelt. F\u00fcr unsere Mitarbeiter ist dies jedoch essenziell f\u00fcr ihre t\u00e4gliche Arbeit. Daher haben wir eigene Lehrinhalte entwickelt und schulen unser Team regelm\u00e4\u00dfig nach aktuellem Stand der Technik und anhand eigens gesammelter Projekterfahrung. Mit unserer Akademie unterst\u00fctzen wir auch Sie gerne bei der Erweiterung und St\u00e4rkung Ihrer eigenen Kompetenzen, sowie dem Ausbau und der Optimierung Ihres Entwicklungsprozesses f\u00fcr die Funktion und Qualit\u00e4t Ihrer Produkte.<\/p>\n<h3 style=\"text-align: center;\">Unser Weg<\/h3>\n<p style=\"text-align: center;\">Um Sie als unseren Kunden mo\u0308glichst gut kennenzulernen und Sie individuell zu Ihren Themen aus unseren Kompetenzbereichen beraten zu ko\u0308nnen, verfolgen wir ein genauso pragmatisches, wie zielfu\u0308hrendes Vorgehen.<\/p>\n<p><span><img decoding=\"async\" alt=\"\" data-id=\"1873\" width=\"555\" data-init-width=\"400\" height=\"307\" data-init-height=\"221\" title=\"ACT_EN\" loading=\"lazy\" src=\"\/\/isyst.de\/wp-content\/uploads\/2024\/07\/ACT_EN.png\" data-width=\"555\" data-height=\"307\" style=\"aspect-ratio: auto 400 \/ 221;\"><\/span><\/p>\n<h3 style=\"text-align: left;\">Assessments<\/h3>\n<p style=\"text-align: left;\">Wir ermitteln anhand von Analysegespr\u00e4chen oder formalen Assessments eine objektive Bewertungsgrundlage und orientieren uns an g\u00e4ngigen Normen und Standards.<\/p>\n<h3 style=\"text-align: left;\">Consulting<\/h3>\n<p style=\"text-align: left;\">Wir beraten Sie individuell zu Optimierungspotenzialen in Bereichen wie Testbarkeit, Testkonzept, Automatisierung und Testumgebungsauswahl.<\/p>\n<h3 style=\"text-align: left;\">Trainings | Workshops | Coaching<\/h3>\n<p>Wir bieten ma\u00dfgeschneiderte Schulungen, Weiterbildungsl\u00f6sungen und direkte Unterst\u00fctzung bei der Umsetzung von Konzepten und Optimierungsma\u00dfnahmen in Ihrem Arbeitsprozess.<\/p>\n<h2 style=\"text-align: center;\">Anfrageformular<\/h2>\n<h3 style=\"text-align: center;\">Unsere Referenten<\/h3>\n<p style=\"text-align: center;\">In zahlreichen Projekten und \u00fcber viele Jahre hinweg haben unsere Referenten ihre Kenntnisse erworben und freuen sich nun ihr umfangreiches Wissen und ihre praktischen Erfahrungen zu teilen.<\/p>\n<p><span><img decoding=\"async\" alt=\"Sebastian Dengler\" data-id=\"1608\" width=\"1463\" height=\"2048\" title=\"Sebastian Dengler\" src=\"https:\/\/isyst.de\/wp-content\/uploads\/2024\/03\/ISYST_PB-89-214x300.jpg\" data-src=\"https:\/\/isyst.de\/wp-content\/uploads\/2024\/03\/ISYST_PB-89-214x300.jpg\" loading=\"lazy\" data-sizes=\"{&quot;thumbnail&quot;:{&quot;height&quot;:150,&quot;width&quot;:150,&quot;url&quot;:&quot;https:\/\/isyst.de\/wp-content\/uploads\/2024\/03\/ISYST_PB-89-150x150.jpg&quot;,&quot;orientation&quot;:&quot;landscape&quot;},&quot;medium&quot;:{&quot;height&quot;:300,&quot;width&quot;:214,&quot;url&quot;:&quot;https:\/\/isyst.de\/wp-content\/uploads\/2024\/03\/ISYST_PB-89-214x300.jpg&quot;,&quot;orientation&quot;:&quot;portrait&quot;},&quot;large&quot;:{&quot;height&quot;:1024,&quot;width&quot;:732,&quot;url&quot;:&quot;https:\/\/isyst.de\/wp-content\/uploads\/2024\/03\/ISYST_PB-89-732x1024.jpg&quot;,&quot;orientation&quot;:&quot;portrait&quot;},&quot;full&quot;:{&quot;url&quot;:&quot;https:\/\/isyst.de\/wp-content\/uploads\/2024\/03\/ISYST_PB-89.jpg&quot;,&quot;height&quot;:2048,&quot;width&quot;:1463,&quot;orientation&quot;:&quot;portrait&quot;}}\"><\/span><\/p>\n<p data-selector=\"[data-css=&quot;tve-u-18d3fd6c7b3&quot;] .wp-caption-text.thrv-inline-text\">Sebastian Dengler<\/p>\n<p><span><a href=\"https:\/\/isyst.de\/wp-content\/uploads\/2024\/05\/2024_02_16_Steckbriefe_Anna_Neumannl_Final.pdf\" target=\"_blank\" rel=\"\" data-shortcode-id=\"\" data-dynamic-link=\"\" tabindex=\"0\"><img decoding=\"async\" alt=\"Teammitglied Isyst 15\" data-id=\"1603\" width=\"1463\" height=\"2048\" title=\"Teammitglied Isyst  15\" src=\"https:\/\/isyst.de\/wp-content\/uploads\/2024\/03\/ISYST_PB-84-214x300.jpg\" data-src=\"https:\/\/isyst.de\/wp-content\/uploads\/2024\/03\/ISYST_PB-84-214x300.jpg\" loading=\"lazy\" data-sizes=\"{&quot;thumbnail&quot;:{&quot;height&quot;:150,&quot;width&quot;:150,&quot;url&quot;:&quot;https:\/\/isyst.de\/wp-content\/uploads\/2024\/03\/ISYST_PB-84-150x150.jpg&quot;,&quot;orientation&quot;:&quot;landscape&quot;},&quot;medium&quot;:{&quot;height&quot;:300,&quot;width&quot;:214,&quot;url&quot;:&quot;https:\/\/isyst.de\/wp-content\/uploads\/2024\/03\/ISYST_PB-84-214x300.jpg&quot;,&quot;orientation&quot;:&quot;portrait&quot;},&quot;large&quot;:{&quot;height&quot;:1024,&quot;width&quot;:732,&quot;url&quot;:&quot;https:\/\/isyst.de\/wp-content\/uploads\/2024\/03\/ISYST_PB-84-732x1024.jpg&quot;,&quot;orientation&quot;:&quot;portrait&quot;},&quot;full&quot;:{&quot;url&quot;:&quot;https:\/\/isyst.de\/wp-content\/uploads\/2024\/03\/ISYST_PB-84.jpg&quot;,&quot;height&quot;:2048,&quot;width&quot;:1463,&quot;orientation&quot;:&quot;portrait&quot;}}\"><\/a><\/span><\/p>\n<p data-selector=\"[data-css=&quot;tve-u-18d3fd6c7b3&quot;] .wp-caption-text.thrv-inline-text\">Anna Neumann<\/p>\n<p><span><a href=\"https:\/\/isyst.de\/wp-content\/uploads\/2024\/05\/2024_02_07_Steckbriefe_Joerg_Tremmel_Final.pdf\" target=\"_blank\" rel=\"\" data-shortcode-id=\"\" data-dynamic-link=\"\" tabindex=\"0\"><img decoding=\"async\" alt=\"J\u00f6rg Tremmel\" data-id=\"1454\" width=\"1463\" height=\"2048\" title=\"J\u00f6rg Tremmel\" src=\"https:\/\/isyst.de\/wp-content\/uploads\/2024\/03\/ISYST_PB-42-214x300.jpg\" data-src=\"https:\/\/isyst.de\/wp-content\/uploads\/2024\/03\/ISYST_PB-42-214x300.jpg\" loading=\"lazy\" data-sizes=\"{&quot;thumbnail&quot;:{&quot;height&quot;:150,&quot;width&quot;:150,&quot;url&quot;:&quot;https:\/\/isyst.de\/wp-content\/uploads\/2024\/03\/ISYST_PB-42-150x150.jpg&quot;,&quot;orientation&quot;:&quot;landscape&quot;},&quot;medium&quot;:{&quot;height&quot;:300,&quot;width&quot;:214,&quot;url&quot;:&quot;https:\/\/isyst.de\/wp-content\/uploads\/2024\/03\/ISYST_PB-42-214x300.jpg&quot;,&quot;orientation&quot;:&quot;portrait&quot;},&quot;large&quot;:{&quot;height&quot;:1024,&quot;width&quot;:732,&quot;url&quot;:&quot;https:\/\/isyst.de\/wp-content\/uploads\/2024\/03\/ISYST_PB-42-732x1024.jpg&quot;,&quot;orientation&quot;:&quot;portrait&quot;},&quot;full&quot;:{&quot;url&quot;:&quot;https:\/\/isyst.de\/wp-content\/uploads\/2024\/03\/ISYST_PB-42.jpg&quot;,&quot;height&quot;:2048,&quot;width&quot;:1463,&quot;orientation&quot;:&quot;portrait&quot;}}\"><\/a><\/span><\/p>\n<p data-selector=\"[data-css=&quot;tve-u-18d3fd6c7b3&quot;] .wp-caption-text.thrv-inline-text\">J\u00f6rg Tremmel<\/p>\n<p><span><a href=\"https:\/\/isyst.de\/wp-content\/uploads\/2024\/05\/2024_02_07_Steckbriefe_Sabine_Stenger_Final.pdf\" target=\"_blank\" rel=\"\" data-shortcode-id=\"\" data-dynamic-link=\"\" tabindex=\"-1\"><img decoding=\"async\" alt=\"Teammitglied Isyst 9\" data-id=\"1606\" width=\"1463\" height=\"2048\" title=\"Teammitglied Isyst 9\" src=\"https:\/\/isyst.de\/wp-content\/uploads\/2024\/03\/ISYST_PB-87-214x300.jpg\" data-src=\"https:\/\/isyst.de\/wp-content\/uploads\/2024\/03\/ISYST_PB-87-214x300.jpg\" loading=\"lazy\" data-sizes=\"{&quot;thumbnail&quot;:{&quot;height&quot;:150,&quot;width&quot;:150,&quot;url&quot;:&quot;https:\/\/isyst.de\/wp-content\/uploads\/2024\/03\/ISYST_PB-87-150x150.jpg&quot;,&quot;orientation&quot;:&quot;landscape&quot;},&quot;medium&quot;:{&quot;height&quot;:300,&quot;width&quot;:214,&quot;url&quot;:&quot;https:\/\/isyst.de\/wp-content\/uploads\/2024\/03\/ISYST_PB-87-214x300.jpg&quot;,&quot;orientation&quot;:&quot;portrait&quot;},&quot;large&quot;:{&quot;height&quot;:1024,&quot;width&quot;:732,&quot;url&quot;:&quot;https:\/\/isyst.de\/wp-content\/uploads\/2024\/03\/ISYST_PB-87-732x1024.jpg&quot;,&quot;orientation&quot;:&quot;portrait&quot;},&quot;full&quot;:{&quot;url&quot;:&quot;https:\/\/isyst.de\/wp-content\/uploads\/2024\/03\/ISYST_PB-87.jpg&quot;,&quot;height&quot;:2048,&quot;width&quot;:1463,&quot;orientation&quot;:&quot;portrait&quot;}}\"><\/a><\/span><\/p>\n<p data-selector=\"[data-css=&quot;tve-u-18d3fd6c7b3&quot;] .wp-caption-text.thrv-inline-text\">Sabine Stenger<\/p>\n<p><span><a href=\"https:\/\/isyst.de\/wp-content\/uploads\/2024\/05\/2024_02_07_Steckbrief_Thomas_Betscher_Final.pdf\" target=\"_blank\" rel=\"\" data-shortcode-id=\"\" data-dynamic-link=\"\" tabindex=\"-1\"><img decoding=\"async\" alt=\"Teammitglied Isyst 11\" data-id=\"1457\" width=\"1463\" height=\"2048\" title=\"Teammitglied Isyst 11\" src=\"https:\/\/isyst.de\/wp-content\/uploads\/2024\/03\/ISYST_PB-08-214x300.jpg\" data-src=\"https:\/\/isyst.de\/wp-content\/uploads\/2024\/03\/ISYST_PB-08-214x300.jpg\" loading=\"lazy\" data-sizes=\"{&quot;thumbnail&quot;:{&quot;height&quot;:150,&quot;width&quot;:150,&quot;url&quot;:&quot;https:\/\/isyst.de\/wp-content\/uploads\/2024\/03\/ISYST_PB-08-150x150.jpg&quot;,&quot;orientation&quot;:&quot;landscape&quot;},&quot;medium&quot;:{&quot;height&quot;:300,&quot;width&quot;:214,&quot;url&quot;:&quot;https:\/\/isyst.de\/wp-content\/uploads\/2024\/03\/ISYST_PB-08-214x300.jpg&quot;,&quot;orientation&quot;:&quot;portrait&quot;},&quot;large&quot;:{&quot;height&quot;:1024,&quot;width&quot;:732,&quot;url&quot;:&quot;https:\/\/isyst.de\/wp-content\/uploads\/2024\/03\/ISYST_PB-08-732x1024.jpg&quot;,&quot;orientation&quot;:&quot;portrait&quot;},&quot;full&quot;:{&quot;url&quot;:&quot;https:\/\/isyst.de\/wp-content\/uploads\/2024\/03\/ISYST_PB-08.jpg&quot;,&quot;height&quot;:2048,&quot;width&quot;:1463,&quot;orientation&quot;:&quot;portrait&quot;}}\"><\/a><\/span><\/p>\n<p data-selector=\"[data-css=&quot;tve-u-18d3fd6c7b3&quot;] .wp-caption-text.thrv-inline-text\">Thomas Betscher<\/p>\n<h3 style=\"text-align: center;\">Ihre Ansprechpartner<\/h3>\n<p style=\"\"><strong>Sebastian Dengler<\/strong>Tel.: <a href=\"tel:+4991137665331\" rel=\"nofollow\" style=\"outline: none;\" target=\"_blank\">+49 911 \/ 37665-331<\/a>E-Mail: <a href=\"mailto:sebastian.dengler@isyst.de\" rel=\"nofollow\" style=\"outline: none;\" target=\"_blank\">sebastian.dengler@isyst.de<\/a><\/p>\n<p><strong><strong>Laura Lindner<\/strong><\/strong><\/p>\n<p>Tel.:&nbsp;<a href=\"tel:+4991137665330\" rel=\"nofollow\" target=\"_blank\" style=\"outline: none;\">+49 911 \/ 37665-330<\/a><\/p>\n<p>E-Mail:&nbsp;<a href=\"mailto:akademie@isyst.de\" rel=\"nofollow\" target=\"_blank\" style=\"outline: none;\">akademie@isyst.de<\/a><\/p>\n","protected":false},"excerpt":{"rendered":"<p>Akademie TESTHAUS AUS \u00dcBERZEUGUNG Unsere Mission Unserer Erfahrung nach werden kaum Inhalte und praktische Erfahrung im Bereich strukturierter Test im Technikum und Studium vermittelt. F\u00fcr unsere Mitarbeiter ist dies jedoch essenziell f\u00fcr ihre t\u00e4gliche Arbeit. Daher haben wir eigene Lehrinhalte entwickelt und schulen unser Team regelm\u00e4\u00dfig nach aktuellem Stand der Technik und anhand eigens gesammelter [&hellip;]<\/p>\n","protected":false},"author":1,"featured_media":0,"parent":0,"menu_order":0,"comment_status":"closed","ping_status":"closed","template":"","meta":{"footnotes":""},"class_list":["post-218","page","type-page","status-publish","hentry","post-wrapper","thrv_wrapper"],"_links":{"self":[{"href":"https:\/\/isyst.de\/en\/wp-json\/wp\/v2\/pages\/218","targetHints":{"allow":["GET"]}}],"collection":[{"href":"https:\/\/isyst.de\/en\/wp-json\/wp\/v2\/pages"}],"about":[{"href":"https:\/\/isyst.de\/en\/wp-json\/wp\/v2\/types\/page"}],"author":[{"embeddable":true,"href":"https:\/\/isyst.de\/en\/wp-json\/wp\/v2\/users\/1"}],"replies":[{"embeddable":true,"href":"https:\/\/isyst.de\/en\/wp-json\/wp\/v2\/comments?post=218"}],"version-history":[{"count":136,"href":"https:\/\/isyst.de\/en\/wp-json\/wp\/v2\/pages\/218\/revisions"}],"predecessor-version":[{"id":2143,"href":"https:\/\/isyst.de\/en\/wp-json\/wp\/v2\/pages\/218\/revisions\/2143"}],"wp:attachment":[{"href":"https:\/\/isyst.de\/en\/wp-json\/wp\/v2\/media?parent=218"}],"curies":[{"name":"wp","href":"https:\/\/api.w.org\/{rel}","templated":true}]}}