{"id":241,"date":"2023-09-17T02:18:45","date_gmt":"2023-09-17T02:18:45","guid":{"rendered":"https:\/\/isyst.de\/?page_id=241"},"modified":"2024-10-07T12:42:41","modified_gmt":"2024-10-07T12:42:41","slug":"kontakt","status":"publish","type":"page","link":"https:\/\/isyst.de\/en\/kontakt\/","title":{"rendered":"Contact"},"content":{"rendered":"<h2 style=\"\">Contact &amp; directions<\/h2>\n<p>TESTING IS OUR PASSION<\/p>\n<h2 style=\"text-align: center;\">Contact form<\/h2>\n<p style=\"text-align: center;\">iSyst Intelligente Systeme GmbH<a href=\"https:\/\/www.google.com\/maps\/dir\/\/iSyst+Intelligente+Systeme+GmbH,+Hugo-Junkers-Stra%C3%9Fe+9,+90411+N%C3%BCrnberg\/@49.4851829,11.0959715,20z\/data=!3m1!5s0x479f57d8ab5ee067:0x6264a745e181d3e!4m9!4m8!1m0!1m5!1m1!1s0x47a1fd541289fd4f:0xeffe00ca9fd0fba2!2m2!1d11.0964222!2d49.4851818!3e0?entry=ttu\" target=\"_blank\" rel=\"nofollow noopener\" style=\"outline: none;\">Hugo-Junkers-Strasse 9<\/a><a href=\"https:\/\/www.google.com\/maps\/dir\/\/iSyst+Intelligente+Systeme+GmbH,+Hugo-Junkers-Stra%C3%9Fe+9,+90411+N%C3%BCrnberg\/@49.4851829,11.0959715,20z\/data=!3m1!5s0x479f57d8ab5ee067:0x6264a745e181d3e!4m9!4m8!1m0!1m5!1m1!1s0x47a1fd541289fd4f:0xeffe00ca9fd0fba2!2m2!1d11.0964222!2d49.4851818!3e0?entry=ttu\" target=\"_blank\" rel=\"nofollow noopener\" style=\"outline: none;\">90411 Nuremberg<\/a><\/p>\n<p style=\"text-align: center;\">Telephone: +49 911\/37665-0Fax: +49 911\/37665-499Email: info@isyst.de<\/p>\n<p style=\"text-align: center;\">For support inquiries, please contact: support@isyst.de<\/p>\n<h2 style=\"text-align: center;\">Directions<\/h2>\n<p style=\"text-align: center;\">You will find us in the \u201cMarienbergcenter\u201d in the north of Nuremberg<\/p>\n<p><span><img decoding=\"async\" alt=\"\" data-id=\"244\" width=\"645\" data-init-width=\"1236\" height=\"431\" data-init-height=\"826\" title=\"ewdadds1\" loading=\"lazy\" src=\"\/\/isyst.de\/wp-content\/uploads\/2023\/09\/ewdadds-1.png\" data-width=\"645\" data-height=\"431\" style=\"aspect-ratio: auto 1236 \/ 826;\"><\/span><\/p>\n<h3 style=\"text-align: center;\">Our visitor parking<\/h3>\n<p style=\"text-align: center;\">Our visitor parking spaces in the inner courtyard are easily accessible by driving from the <strong>Hugo-Junkers-Str. 9<\/strong> after driving up one of the two ramps:<\/p>\n<p><span><img decoding=\"async\" alt=\"\" data-id=\"245\" width=\"645\" data-init-width=\"1236\" height=\"431\" data-init-height=\"830\" title=\"Test_Directions_Isyst Copy 1\" loading=\"lazy\" src=\"\/\/isyst.de\/wp-content\/uploads\/2023\/09\/Test_Wegbeschreibung_Isyst-Kopie-1.png\" data-width=\"645\" data-height=\"431\" style=\"aspect-ratio: auto 1236 \/ 830;\"><\/span><\/p>","protected":false},"excerpt":{"rendered":"<p>Kontakt &amp; Anfahrt TESTHAUS AUS \u00dcBERZEUGUNG Kontaktformular iSyst Intelligente Systeme GmbHHugo-Junkers-Stra\u00dfe 990411 N\u00fcrnberg Telefon: +49 911\/37665-0Fax: +49 911\/37665-499E-Mail: info@isyst.de Bitte wenden Sie sich bei Support-Anfragen an:support@isyst.de Anfahrt Sie finden uns im \u201eMarienbergcenter\u201c im N\u00fcrnberger Norden Unser Besucherparkplatz Unsere Besucherparkpl\u00e4tze im Innenhof erreichen Sie einfach bei Zufahrt von der Hugo-Junkers-Str. 9 nach Auffahrt \u00fcber eine der [&hellip;]<\/p>\n","protected":false},"author":1,"featured_media":0,"parent":0,"menu_order":0,"comment_status":"closed","ping_status":"closed","template":"","meta":{"footnotes":""},"class_list":["post-241","page","type-page","status-publish","hentry","post-wrapper","thrv_wrapper"],"_links":{"self":[{"href":"https:\/\/isyst.de\/en\/wp-json\/wp\/v2\/pages\/241","targetHints":{"allow":["GET"]}}],"collection":[{"href":"https:\/\/isyst.de\/en\/wp-json\/wp\/v2\/pages"}],"about":[{"href":"https:\/\/isyst.de\/en\/wp-json\/wp\/v2\/types\/page"}],"author":[{"embeddable":true,"href":"https:\/\/isyst.de\/en\/wp-json\/wp\/v2\/users\/1"}],"replies":[{"embeddable":true,"href":"https:\/\/isyst.de\/en\/wp-json\/wp\/v2\/comments?post=241"}],"version-history":[{"count":12,"href":"https:\/\/isyst.de\/en\/wp-json\/wp\/v2\/pages\/241\/revisions"}],"predecessor-version":[{"id":1973,"href":"https:\/\/isyst.de\/en\/wp-json\/wp\/v2\/pages\/241\/revisions\/1973"}],"wp:attachment":[{"href":"https:\/\/isyst.de\/en\/wp-json\/wp\/v2\/media?parent=241"}],"curies":[{"name":"wp","href":"https:\/\/api.w.org\/{rel}","templated":true}]}}