{"id":285,"date":"2023-09-23T09:59:03","date_gmt":"2023-09-23T09:59:03","guid":{"rendered":"https:\/\/isyst.de\/?page_id=285"},"modified":"2025-06-03T09:26:03","modified_gmt":"2025-06-03T09:26:03","slug":"karriere","status":"publish","type":"page","link":"https:\/\/isyst.de\/en\/karriere\/","title":{"rendered":"Career"},"content":{"rendered":"<h2 style=\"\">Career<\/h2>\n<p>TESTING IS OUR PASSION<\/p>\n<h2 style=\"text-align: center;\">10 good reasons<\/h2>\n<p><span><img decoding=\"async\" alt=\"Spezialisten\" data-id=\"937\" width=\"52\" data-init-width=\"895\" height=\"63\" data-init-height=\"1090\" title=\"Specialists\" loading=\"lazy\" src=\"\/\/isyst.de\/wp-content\/uploads\/2023\/11\/Spezialist-blk.png\" data-width=\"52\" data-height=\"63\" style=\"aspect-ratio: auto 895 \/ 1090;\"><\/span><\/p>\n<p style=\"text-align: center;\">specialists in the testing sector<\/p>\n<p style=\"text-align: center;\">Testing is our passion<\/p>\n<p><span><img decoding=\"async\" alt=\"\" data-id=\"932\" width=\"52\" data-init-width=\"1103\" height=\"52\" data-init-height=\"1104\" title=\"save lives blk\" loading=\"lazy\" src=\"\/\/isyst.de\/wp-content\/uploads\/2023\/11\/leben-retten-blk.png\" data-width=\"52\" data-height=\"52\" style=\"aspect-ratio: auto 1103 \/ 1104;\"><\/span><\/p>\n<p style=\"text-align: center;\">Our work can save lives<\/p>\n<p style=\"text-align: center;\">Tests for maximum reliability &amp; safety in all industries<\/p>\n<p><span><img decoding=\"async\" alt=\"\" data-id=\"934\" width=\"62\" data-init-width=\"1652\" height=\"53\" data-init-height=\"1399\" title=\"SMEs blk\" loading=\"lazy\" src=\"\/\/isyst.de\/wp-content\/uploads\/2023\/11\/Mittelstand-blk.png\" data-width=\"62\" data-height=\"53\" style=\"aspect-ratio: auto 1652 \/ 1399;\"><\/span><\/p>\n<p style=\"text-align: center;\">SMEs<\/p>\n<p style=\"text-align: center;\">Short distances, quick decisions &amp; independent actions<\/p>\n<p><span><img decoding=\"async\" alt=\"\" data-id=\"936\" width=\"52\" data-init-width=\"1267\" height=\"56\" data-init-height=\"1374\" title=\"safe workplace blk\" loading=\"lazy\" src=\"\/\/isyst.de\/wp-content\/uploads\/2023\/11\/sicherer-Arbeitsplatz-blk.png\" data-width=\"52\" data-height=\"56\" style=\"aspect-ratio: auto 1267 \/ 1374;\"><\/span><\/p>\n<p style=\"text-align: center;\">Secure jobs<\/p>\n<p style=\"text-align: center;\">Long-term oriented personnel &amp; company policy<\/p>\n<p><span><img decoding=\"async\" alt=\"\" data-id=\"930\" width=\"58\" data-init-width=\"1401\" height=\"47\" data-init-height=\"1139\" title=\"Family and career blk\" loading=\"lazy\" src=\"\/\/isyst.de\/wp-content\/uploads\/2023\/11\/Familie-und-Beruf-blk.png\" data-width=\"58\" data-height=\"47\" style=\"aspect-ratio: auto 1401 \/ 1139;\"><\/span><\/p>\n<p style=\"text-align: center;\">Work-life balance<\/p>\n<p style=\"text-align: center;\">Flexible work and flex time models &amp; 4 day option<\/p>\n<p><span><img decoding=\"async\" alt=\"\" data-id=\"933\" width=\"73\" data-init-width=\"1613\" height=\"52\" data-init-height=\"1139\" title=\"Learning and development opportunities blk\" loading=\"lazy\" src=\"\/\/isyst.de\/wp-content\/uploads\/2023\/11\/Lern-und-Entwicklungsmoeglichkeiten-blk.png\" data-width=\"73\" data-height=\"52\" style=\"aspect-ratio: auto 1613 \/ 1139;\"><\/span><\/p>\n<p style=\"text-align: center;\">Development opportunities<\/p>\n<p style=\"text-align: center;\">Training is the fuel of innovation &amp; innovation is our drive<\/p>\n<p><span><img decoding=\"async\" alt=\"\" data-id=\"938\" width=\"53\" data-init-width=\"1541\" height=\"51\" data-init-height=\"1481\" title=\"Team composition blk\" loading=\"lazy\" src=\"\/\/isyst.de\/wp-content\/uploads\/2023\/11\/Teamzusammensetzung-blk.png\" data-width=\"53\" data-height=\"51\" style=\"aspect-ratio: auto 1541 \/ 1481;\"><\/span><\/p>\n<p style=\"text-align: center;\">Team<\/p>\n<p style=\"text-align: center;\">International, helpful, attentive &amp; respectful<\/p>\n<p><span><img decoding=\"async\" alt=\"\" data-id=\"929\" width=\"62\" data-init-width=\"1343\" height=\"45\" data-init-height=\"967\" title=\"Working atmosphere blk\" loading=\"lazy\" src=\"\/\/isyst.de\/wp-content\/uploads\/2023\/11\/Arbeitsatmosphaere-blk.png\" data-width=\"62\" data-height=\"45\" style=\"aspect-ratio: auto 1343 \/ 967;\"><\/span><\/p>\n<p style=\"text-align: center;\">Pleasant working atmosphere<\/p>\n<p style=\"text-align: center;\">Joint events, open communication &amp; error culture<\/p>\n<p><span><img decoding=\"async\" alt=\"\" data-id=\"931\" width=\"52\" data-init-width=\"1193\" height=\"59\" data-init-height=\"1360\" title=\"Location blk\" loading=\"lazy\" src=\"\/\/isyst.de\/wp-content\/uploads\/2023\/11\/Lage-blk.png\" data-width=\"52\" data-height=\"59\" style=\"aspect-ratio: auto 1193 \/ 1360;\"><\/span><\/p>\n<p style=\"text-align: center;\">Position<\/p>\n<p style=\"text-align: center;\">Central, accessible by foot, bike, car, bus, train &amp; plane<\/p>\n<p><span><img decoding=\"async\" alt=\"\" data-id=\"935\" width=\"52\" data-init-width=\"1055\" height=\"62\" data-init-height=\"1258\" title=\"Newcomer blk\" loading=\"lazy\" src=\"\/\/isyst.de\/wp-content\/uploads\/2023\/11\/Neueinsteiger-blk.png\" data-width=\"52\" data-height=\"62\" style=\"aspect-ratio: auto 1055 \/ 1258;\"><\/span><\/p>\n<p style=\"text-align: center;\">Newcomers<\/p>\n<p style=\"text-align: center;\">Concept for rapid team integration, mentoring &amp; onboarding<\/p>\n<h2 style=\"text-align: center;\">Vacancies<\/h2>\n<p style=\"text-align: center;\">We offer you an interesting range of tasks with exciting and future-oriented topics.<\/p>\n<p style=\"text-align: center;\">Close networking between the specialist departments, short decision-making paths, independent action and targeted training promote your individual development.<\/p>\n<h3 style=\"text-align: center;\">Do you have questions about the application process?<\/h3>\n<p>Are there still any questions unanswered? Then please contact us:<\/p>\n<h2 style=\"text-align: center;\">Students<\/h2>\n<p style=\"text-align: center;\">Thanks to our excellent contacts with universities, we can offer compulsory internships and final thesis in the areas of software and hardware development. In addition, we also offer working student positions. Our tasks are particularly suitable for students of electrical engineering, computer science, mechatronics with a focus on computer science and comparable courses of study.<\/p>\n<h3 style=\"text-align: center;\">Your contact persons<\/h3>\n<p style=\"text-align: center;\"><strong>Sibylle Weise<\/strong>Phone: <a href=\"tel:tel:+4991137665204\" rel=\"nofollow\" style=\"outline: none;\" target=\"_blank\">+49 911 \/ 37665\u2013204<\/a>E-mail: <a href=\"mailto:bewerbung@isyst.de\" rel=\"nofollow\" style=\"outline: none;\" target=\"_blank\"><\/a><a href=\"mailto:%20bewerbung@isyst.de\" rel=\"nofollow\" target=\"_blank\" style=\"outline: none;\"><\/a><a href=\"mailto:bewerbung@isyst.de\" rel=\"nofollow\" style=\"outline: none;\" target=\"_blank\">bewerbung@isyst.de<\/a><\/p>\n<p style=\"text-align: center;\">Please also note our <a href=\"https:\/\/isyst.de\/wp-content\/uploads\/2024\/01\/Datenschutzerklaerung_Bewerber.pdf\" style=\"outline: none;\" target=\"_blank\"><span>Data protection declaration for applicants<\/span><\/a><span>.<\/span><\/p>","protected":false},"excerpt":{"rendered":"<p>Karriere TESTHAUS AUS \u00dcBERZEUGUNG 10 gute Gr\u00fcnde Spezialistenim Test-Bereich Wir sind Testhaus aus \u00dcberzeugung und Testen unsere Leidenschaft Unsere Arbeit kann Leben retten Tests f\u00fcr h\u00f6chste Zuverl\u00e4ssigkeit &amp; Sicherheit in allen Branchen Mittelstand Kurze Wege, schnelle Entscheidungen &amp; eigenverantwortliches Handeln Sichere Arbeitspl\u00e4tze Langfristig ausgerichtete Personal- &amp; Unternehmenspolitik Vereinbarkeit von Familie und Beruf Flexible Arbeits- und [&hellip;]<\/p>\n","protected":false},"author":1,"featured_media":0,"parent":0,"menu_order":0,"comment_status":"closed","ping_status":"closed","template":"","meta":{"footnotes":""},"class_list":["post-285","page","type-page","status-publish","hentry","post-wrapper","thrv_wrapper"],"_links":{"self":[{"href":"https:\/\/isyst.de\/en\/wp-json\/wp\/v2\/pages\/285","targetHints":{"allow":["GET"]}}],"collection":[{"href":"https:\/\/isyst.de\/en\/wp-json\/wp\/v2\/pages"}],"about":[{"href":"https:\/\/isyst.de\/en\/wp-json\/wp\/v2\/types\/page"}],"author":[{"embeddable":true,"href":"https:\/\/isyst.de\/en\/wp-json\/wp\/v2\/users\/1"}],"replies":[{"embeddable":true,"href":"https:\/\/isyst.de\/en\/wp-json\/wp\/v2\/comments?post=285"}],"version-history":[{"count":92,"href":"https:\/\/isyst.de\/en\/wp-json\/wp\/v2\/pages\/285\/revisions"}],"predecessor-version":[{"id":1994,"href":"https:\/\/isyst.de\/en\/wp-json\/wp\/v2\/pages\/285\/revisions\/1994"}],"wp:attachment":[{"href":"https:\/\/isyst.de\/en\/wp-json\/wp\/v2\/media?parent=285"}],"curies":[{"name":"wp","href":"https:\/\/api.w.org\/{rel}","templated":true}]}}