{"id":317,"date":"2023-09-29T02:38:47","date_gmt":"2023-09-29T02:38:47","guid":{"rendered":"https:\/\/isyst.de\/?page_id=317"},"modified":"2024-10-02T06:51:30","modified_gmt":"2024-10-02T06:51:30","slug":"foerderprojekte","status":"publish","type":"page","link":"https:\/\/isyst.de\/en\/foerderprojekte\/","title":{"rendered":"Funding projects timeline"},"content":{"rendered":"<h2 style=\"\">Research projects<\/h2>\n<p>TESTING IS OUR PASSION<\/p>\n<p style=\"\">Historically, iSyst Intelligente Systeme GmbH has been closely linked to the university and research landscape. Funding projects have been and are being carried out in collaboration with research and industry partners. As part of these projects, new methods and solutions for testing embedded systems are developed and tested in practice. In order to be able to offer our customers the most modern test solutions at all times, we work together with our research partners to quickly implement modern scientific findings in practical work.<\/p>\n<h4 style=\"text-align: justify;\">2019 \u2013 2023<\/h4>\n<p style=\"text-align: left;\"><strong>SHORT \u2013 Security-Centered HIL Platform Offering Riskaware Testing<\/strong><\/p>\n<p style=\"text-align: left;\">Funded by BMBF \u201cSME-innovative\u201d<\/p>\n<p style=\"text-align: justify;\">The topic of this cooperation project was the development and evaluation of concepts for the validation and testing of automotive safety. The aim was to implement a holistic approach to the topics of communication security and operational safety in a new type of HIL solution.<\/p>\n<p><span style=\"\"><a href=\"https:\/\/isyst.de\/wp-content\/uploads\/2024\/09\/2024_09_27_SHORT_Datenblatt.pdf\" target=\"_blank\" rel=\"noopener\"><img decoding=\"async\" alt=\"\" data-id=\"1933\" width=\"154\" data-init-width=\"1056\" height=\"218\" data-init-height=\"1497\" title=\"SHORT_datasheet_pdf\" loading=\"lazy\" src=\"\/\/isyst.de\/wp-content\/uploads\/2024\/09\/SHORT_Datenblatt_pdf.jpg\" data-width=\"154\" data-height=\"218\" style=\"aspect-ratio: auto 1056 \/ 1497;\" mt-d=\"0\" ml-d=\"-2.671999999999997\" center-v-d=\"false\" data-link-wrap=\"true\"><\/a><\/span><\/p>\n<h4>2013 \u2013 2017<\/h4>\n<p style=\"text-align: justify;\"><strong>WiCoDiCa RT \u2013 Wireless Controlling, Diagnostics and Calibration in Real Time<\/strong><strong><\/strong>Funded by Free State of Bavaria, IuK Bavaria<\/p>\n<p style=\"text-align: justify;\">\n<p style=\"text-align: justify;\">The cooperation project aims to develop a wireless and real-time capable connection of control units to hardware in the loop test systems as a radio bridge or HIL return channel to increase flexibility when setting up test systems. The radio bridge is used for test control, calibration, diagnosis and analysis of control unit data, e.g. in mobile applications. The transfer of the results to controls and regulations in automation technology is planned. <\/p>\n<h4 style=\"text-align: justify;\">2011 \u2013 2013<\/h4>\n<p style=\"text-align: justify;\"><strong>ProTecT Embedded Systems \u2013 Progressive Techniques for Testing Embedded Systems<\/strong><strong><\/strong>Funded by BMWi, ZIM<\/p>\n<p style=\"text-align: justify;\">\n<p style=\"text-align: justify;\">The cooperation project ProTecT Embedded Systems dealt with the technological development of an innovative, intelligent network of modular test methods, which should make it possible to test all three development areas of highly complex embedded systems - hardware platform, embedded software and communication interfaces - both individually and in a network.<\/p>\n<h4 style=\"text-align: left;\">2009 \u2013 2011<\/h4>\n<p style=\"text-align: justify;\"><strong>Improve \u2013 Implementing Manufacturing Science Solutions to increase Equipment Productivity and Fab Performance<\/strong><\/p>\n<p style=\"text-align: justify;\">Funded by EU and BMBF, ENIAC Joint Undertaking<\/p>\n<p>The aim of the large-scale European project was to increase the productivity of European semiconductor manufacturers&#039; plants. The project, with 35 international partners and a total volume of around \u20ac38 million, was funded by the BMBF and the EU as part of the ENIAC Call 2008.<\/p>\n<p>iSyst GmbH contributed, among other things, its experience in the field of hardware-in-the-loop testing and virtual measurement technology.<\/p>\n<h4 style=\"text-align: justify;\">2008 \u2013 2010<\/h4>\n<p style=\"text-align: justify;\"><strong>ParaObsol \u2013 Maintaining functionality and complying with delivery obligations for discontinued components (obsolescence)<\/strong>Funded by the Free State of Bavaria and EU, ERDF \u2013 R&amp;D programme Information and Communication Technology ICT in Bavaria<\/p>\n<p style=\"text-align: justify;\">In the research and development network with 10 partners, tools and processes were developed for a quick and safe replacement of discontinued semiconductor components in long-lasting products such as controls, regulation and measurement and analysis systems. An IP core was created with which new components can be adapted to older circuits in terms of voltage and current potential as well as processing speed.<\/p>\n<p><span style=\"\"><a href=\"https:\/\/isyst.de\/wp-content\/uploads\/2024\/02\/iSyst_ParaObsol.pdf\" target=\"_blank\" rel=\"noopener\"><img decoding=\"async\" alt=\"\" data-id=\"1424\" width=\"149\" data-init-width=\"1058\" height=\"210\" data-init-height=\"1497\" title=\"iSyst_ParaObsol-pdf\" loading=\"lazy\" src=\"\/\/isyst.de\/wp-content\/uploads\/2024\/02\/iSyst_ParaObsol-pdf-1.jpg\" data-width=\"149\" data-height=\"210\" style=\"aspect-ratio: auto 1058 \/ 1497;\" mt-d=\"0\" ml-d=\"-2.671999999999997\" center-v-d=\"false\" data-link-wrap=\"true\"><\/a><\/span><\/p>\n<p style=\"\"><a href=\"https:\/\/isyst.de\/en\/fileadmin\/downloads\/fpga\/iSyst_RedunSys.pdf\/\" title=\"RedunSys\" style=\"outline: none;\"><\/a><a href=\"https:\/\/isyst.de\/en\/fileadmin\/downloads\/fpga\/iSyst_ParaObsol.pdf\/\" title=\"ParaObsol\" style=\"outline: none;\">Para<u><\/u>Obsolete<\/a><\/p>\n<p style=\"\">Obsolescence management and rapid prototyping methods, especially for the migration or replication of obsolete microelectronics based on FPGA technologies.299 KB<\/p>\n<h4>2008 \u2013 2011<\/h4>\n<p style=\"text-align: justify;\"><strong>RedunSys \u2013 Design and testing of redundant electronics for radiation-exposed areas<\/strong>Funded by the Free State of Bavaria and EU, ERDF \u2013 R&amp;D programme flagship projects in medical technology BayMED<\/p>\n<p style=\"text-align: justify;\"><strong><\/strong>The focus of the project was to improve the diagnosis and testability of massively redundant systems, such as those used in radiation therapy. The aim was to transfer methods, tools and experience in testing software from the automotive sector to medical technology. On the basis of a study on radiation damage to semiconductors and extensive measurements in the radiation bunker, error models and procedures for testing controls in a virtual environment were developed. An IP core was created with which the aging state of the semiconductor circuits exposed to radiation can be directly determined and with which errors can be corrected.<\/p>\n<p><span style=\"\"><a href=\"https:\/\/isyst.de\/wp-content\/uploads\/2024\/02\/iSyst_RedunSys.pdf\" target=\"_blank\" rel=\"noopener\"><img decoding=\"async\" alt=\"\" data-id=\"1423\" width=\"144\" data-init-width=\"1058\" height=\"204\" data-init-height=\"1497\" title=\"iSyst_RedunSys-pdf\" loading=\"lazy\" src=\"\/\/isyst.de\/wp-content\/uploads\/2024\/02\/iSyst_RedunSys-pdf-1.jpg\" data-width=\"144\" data-height=\"204\" style=\"aspect-ratio: auto 1058 \/ 1497;\" mt-d=\"-1.0076999999999998\" ml-d=\"0\" center-v-d=\"false\" data-link-wrap=\"true\"><\/a><\/span><\/p>\n<p style=\"\"><a href=\"https:\/\/isyst.de\/en\/fileadmin\/downloads\/fpga\/iSyst_RedunSys.pdf\/\" title=\"RedunSys\" style=\"outline: none;\">RedunSys<\/a><\/p>\n<p style=\"\">Artificial redundancy (TMR) and online aging analysis to ensure the functionality of electronic circuits and for maintenance on demand (Maintenance On Demand MoDe) in the event of high radiation exposure.200 KB<\/p>\n<h4 style=\"text-align: justify;\">2007 \u2013 2009<\/h4>\n<p style=\"text-align: justify;\"><strong>Development of a universal platform for automatic software testing<\/strong>Funded by the Free State of Bavaria, BayTP<\/p>\n<p style=\"text-align: justify;\">The aim of the project was to offer small and medium-sized companies complete test systems or components for testing control unit software, including advice and services, in accordance with customer-specific requirements in terms of costs, risk, know-how, development cycles and time constraints. Options for using various real-time systems, such as those from the manufacturers dSPACE, Mathworks or National Instruments, in test systems were developed.<\/p>\n<h4>2000 \u2013 2005<\/h4>\n<p style=\"text-align: justify;\"><strong>Bavarian Competence Network for Mechatronics (BKM)<\/strong>Funded by the Free State of Bavaria, High-Tech Offensive Future Bavaria<\/p>\n<p style=\"text-align: justify;\">The large-scale BKM project dealt with the mechatronic approach, i.e. the greatest possible integration of mechanics, electronics and information technology, a key prerequisite for the development and production of innovative products. The partners in the BKM, six leading Bavarian research institutions (ELSYS\/iSyst, DLR, Fraunhofer Institutes IISB and IZM, FAU Erlangen, TU Munich), solved individual mechatronic problems in industry in the areas of vehicle technology, robotics, medical technology, planning and development of production systems as well as the manufacture and assembly of mechatronic products. The project led to the founding of the Cluster Mechatronics &amp; Automation eV and the spin-off of iSyst GmbH.<\/p>","protected":false},"excerpt":{"rendered":"<p>F\u00f6rderprojekte TESTHAUS AUS \u00dcBERZEUGUNG Die iSyst Intelligente Systeme GmbH ist aus der Historie heraus eng mit der Hochschul- und Forschungs\u00adlandschaft verbunden. In Zusammenarbeit mit Forschungs- und Industriepartner wurden und werden F\u00f6rder\u00adprojekte durchgef\u00fchrt. Im Rahmen dieser Projekte werden neue Methoden und L\u00f6sungen f\u00fcr den Test eingebetteter Systeme entwickelt und in der Praxis erprobt. Um unseren Kunden [&hellip;]<\/p>\n","protected":false},"author":1,"featured_media":0,"parent":0,"menu_order":0,"comment_status":"closed","ping_status":"closed","template":"","meta":{"footnotes":""},"class_list":["post-317","page","type-page","status-publish","hentry","post-wrapper","thrv_wrapper"],"_links":{"self":[{"href":"https:\/\/isyst.de\/en\/wp-json\/wp\/v2\/pages\/317","targetHints":{"allow":["GET"]}}],"collection":[{"href":"https:\/\/isyst.de\/en\/wp-json\/wp\/v2\/pages"}],"about":[{"href":"https:\/\/isyst.de\/en\/wp-json\/wp\/v2\/types\/page"}],"author":[{"embeddable":true,"href":"https:\/\/isyst.de\/en\/wp-json\/wp\/v2\/users\/1"}],"replies":[{"embeddable":true,"href":"https:\/\/isyst.de\/en\/wp-json\/wp\/v2\/comments?post=317"}],"version-history":[{"count":28,"href":"https:\/\/isyst.de\/en\/wp-json\/wp\/v2\/pages\/317\/revisions"}],"predecessor-version":[{"id":1935,"href":"https:\/\/isyst.de\/en\/wp-json\/wp\/v2\/pages\/317\/revisions\/1935"}],"wp:attachment":[{"href":"https:\/\/isyst.de\/en\/wp-json\/wp\/v2\/media?parent=317"}],"curies":[{"name":"wp","href":"https:\/\/api.w.org\/{rel}","templated":true}]}}